{"id":260,"date":"2018-03-08T14:32:38","date_gmt":"2018-03-08T14:32:38","guid":{"rendered":"https:\/\/demo.mekshq.com\/trawell\/demo_content\/?page_id=260"},"modified":"2019-05-31T09:59:59","modified_gmt":"2019-05-31T07:59:59","slug":"page-without-sidebar","status":"publish","type":"page","link":"https:\/\/joyvmoto.com\/index.php\/page-without-sidebar\/","title":{"rendered":"La pr\u00e9paration"},"content":{"rendered":"<p>\u00c7a a commenc\u00e9 3 ans plus t\u00f4t, du genre &#8220;3 semaines, c&#8217;est trop court pour un vrai voyage. Et si on partait plusieurs mois ?&#8221;<\/p>\n<p>Ben oui, sauf que comme d&#8217;habitude, on a une multitude de raisons pour trouver cela impossible, du moins pour l&#8217;instant &#8230; Mais si on attend, on ne le fera jamais ! Alors c&#8217;est d\u00e9cid\u00e9, on part quelques mois, 4 au moins, qui sont en fait devenus rapidement 8.<\/p>\n<p>Quand ? C\u00f4t\u00e9 professionnel, \u00e7a semble faisable en 2019. 3 ans pour informer la boite, pr\u00e9parer mon remplacement, et partir sans l\u00e2cher les coll\u00e8gues au milieu du gu\u00e9.<\/p>\n<p>Comment ? Ben en moto pardi !<\/p>\n<p>Alors c&#8217;est parti, on fait une grosse marque sur l&#8217;ann\u00e9e 2019, et on se pr\u00e9pare:<\/p>\n<ol>\n<li>Avertir les proches et la boite sans tarder, comme cela, on ne fera pas marche arri\u00e8re. Voil\u00e0 qui est fait d\u00e8s fin 2016<\/li>\n<li>Construire un budget, faire les comptes, et pour cela, faire des choix ! Dur\u00e9e du voyage ? Moto neuve ? Camping ou B&amp;B, ou les 2 ?<\/li>\n<li>Dresser la liste de tout ce qu&#8217;il faut renouveler, acheter, tester, bricoler, et faire, tout simplement. D\u00e9but 2018, une belle liste tr\u00f4ne sur la porte du frigo, et notre grand plaisir est de cocher les lignes peu \u00e0 peu<\/li>\n<\/ol>\n<p>Sans pr\u00e9tention, nous allons partager avec vous ces pr\u00e9paratifs, et promis, nous vous dirons au fil du voyage lesquels de nos choix ont \u00e9t\u00e9 bons, et ceux qui l&#8217;ont \u00e9t\u00e9 moins &#8230;<\/p>\n<p><strong>La Moto<\/strong><\/p>\n<p>La voyageuse par excellence est teutonne, mais ils ont tous la m\u00eame, m\u00eame ceux qui roulent pas ! Alors nous resterons fid\u00e8les aux rosbifs de Hinckley, nous partirons en Tiger 1200. Cette moto, nous la connaissons bien, nous en avons 1 depuis 2 ans et elle nous a emmen\u00e9 en Italie, Autriche, Allemagne, Suisse, et aux quatre coins de la France. Mais avec un tour d&#8217;Europe, elle d\u00e9passera 80.000 km. Alors c&#8217;est d\u00e9cid\u00e9, on la remplace par le dernier mod\u00e8le, d\u00e8s juin 2018, pour avoir le temps de l&#8217;\u00e9quiper et d&#8217;user un train de pneus.<\/p>\n<p>C\u00f4t\u00e9 \u00e9quipement, des choses simples et \u00e9prouv\u00e9es: un kit de valise \/ top case alu, une tool box du m\u00eame fabricant (un peu d\u00e9cevante, on y rentre tout juste quelques outils et le compresseur), une grille de protection radiateur, un sabot alu, le crash bar moteur de l&#8217;ancienne 1200 (il est top: suffisamment grand pour y poser les jambes en mode Harley pour se reposer), et au diable l&#8217;avarice: poign\u00e9es et selles chauffantes !<\/p>\n<p>J&#8217;ai pris un rapide cours d&#8217;entretien pour les nuls: Sandy, notre m\u00e9cano, m&#8217;a appris \u00e0 remplacer les pneus et les plaquettes de frein (merci Sandy !). Sur ses conseils, j&#8217;ai fait le tour de la moto pour compl\u00e9ter la trousse \u00e0 outils (et oui, la trousse rosbif ne contient m\u00eame pas les clefs n\u00e9cessaires pour d\u00e9poser les plaquettes !). Il m&#8217;a aussi conseill\u00e9 de prendre de la &#8220;soudure froide&#8221;, il parait qu&#8217;on fait des miracles avec.<\/p>\n<p><strong>L&#8217;\u00e9quipement du motard<\/strong><\/p>\n<p>La difficult\u00e9, c&#8217;est de partir 8 mois sans retour au bercail, faire le Sud et le Nord de l&#8217;Europe, et donc rouler par des temp\u00e9ratures de 0 \u00e0 40\u00b0C. Impossible d&#8217;emporter les tenues d&#8217;hivers et d&#8217;\u00e9t\u00e9 !<\/p>\n<p>C\u00f4t\u00e9 vestes, aucun probl\u00e8me, nos vestes rosbif (Hinckley, oui, nous avons craqu\u00e9 il y a quelques ann\u00e9es, et ne l&#8217;avons jamais regrett\u00e9 !) sont parfaites: tr\u00e8s chaudes, et pour autant tr\u00e8s confortables par plus de 30\u00b0C, une fois les doublures \u00f4t\u00e9es et les prises d&#8217;air ouvertes.<\/p>\n<p>Mais c\u00f4t\u00e9 pantalons, plus compliqu\u00e9. alors nous avons un peu cass\u00e9 la tirelire:<\/p>\n<ul>\n<li>un 3 en 1 pour moi (lui): doublure chaude et doublure Gortex amovible. Normal, je suis en premi\u00e8re ligne ! Mais comme ces v\u00eatements sont taill\u00e9s pour des bell\u00e2tres de magazines, j&#8217;ai d\u00fb trouver une couturi\u00e8re chevronn\u00e9e qui a repositionn\u00e9 les protections de genoux.<\/li>\n<li>un 2 en 1 pour Jo, option jambes courtes (oui ! Il y a quelques fabricants qui se soucient de nous les gens normaux !)<\/li>\n<\/ul>\n<p>Nos casques sont des modulables Nolan N104 et N100.5, toujours dans le souci&nbsp; de polyvalence, et \u00e9quip\u00e9s du syst\u00e8me radio n-com B901. J&#8217;en parle parce que ce syst\u00e8me est cher, mais bluffant ! Qualit\u00e9 extra, fonctionnalit\u00e9s multiples, filtre anti bruit (vent) incroyable (nous ne sommes pas sponsoris\u00e9s par la marque).<\/p>\n<p><strong>L&#8217;h\u00e9bergement (&#8230;)<\/strong><\/p>\n<p>Pour le fun et le budget, nous camperons autant que possible. Mais pour cela, il en faut du matos ! Tente 3 places (nous 2 et les bottes et blousons &#8230;), 1 tapis de sol fait maison, 2 sacs de couchage, 2 matelas et 2 oreillers gonflables, 1 r\u00e9chaud. Mais o\u00f9 mettre tout cela ?<\/p>\n<p><strong>M\u00e9dias<\/strong><\/p>\n<p>1 PC &#8220;ultra portable&#8221; achet\u00e9 d&#8217;occasion et \u00e9quip\u00e9 d&#8217;un disque SSD: ne craint pas les vibrations et consomme 2 fois moins.<\/p>\n<p>1 appareil photo compact, 1 cam\u00e9ra action, et quelques jouets pour faire de belles images (stabilisateur, perche, micro &#8230;)<\/p>\n<p>Voil\u00e0, tout y est, ou presque. 1 an pour s&#8217;\u00e9quiper patiemment avec l\u2019obsession du petit, compact, l\u00e9ger et robuste. Nous partons demain, le test en grandeur nature va pouvoir commencer !<\/p>\n\n\n<figure class=\"wp-block-image\"><img loading=\"lazy\" decoding=\"async\" width=\"1024\" height=\"576\" src=\"http:\/\/joyvmoto.com\/wp-content\/uploads\/2019\/03\/Paquetage-compress\u00e9-2-1024x576.jpg\" alt=\"\" class=\"wp-image-789\" srcset=\"https:\/\/joyvmoto.com\/wp-content\/uploads\/2019\/03\/Paquetage-compress\u00e9-2-1024x576.jpg 1024w, https:\/\/joyvmoto.com\/wp-content\/uploads\/2019\/03\/Paquetage-compress\u00e9-2-300x169.jpg 300w, https:\/\/joyvmoto.com\/wp-content\/uploads\/2019\/03\/Paquetage-compress\u00e9-2-768x432.jpg 768w, https:\/\/joyvmoto.com\/wp-content\/uploads\/2019\/03\/Paquetage-compress\u00e9-2-600x337.jpg 600w, https:\/\/joyvmoto.com\/wp-content\/uploads\/2019\/03\/Paquetage-compress\u00e9-2-800x450.jpg 800w, https:\/\/joyvmoto.com\/wp-content\/uploads\/2019\/03\/Paquetage-compress\u00e9-2-1200x675.jpg 1200w, https:\/\/joyvmoto.com\/wp-content\/uploads\/2019\/03\/Paquetage-compress\u00e9-2-585x330.jpg 585w, https:\/\/joyvmoto.com\/wp-content\/uploads\/2019\/03\/Paquetage-compress\u00e9-2-385x217.jpg 385w, https:\/\/joyvmoto.com\/wp-content\/uploads\/2019\/03\/Paquetage-compress\u00e9-2-380x214.jpg 380w, https:\/\/joyvmoto.com\/wp-content\/uploads\/2019\/03\/Paquetage-compress\u00e9-2-247x139.jpg 247w, https:\/\/joyvmoto.com\/wp-content\/uploads\/2019\/03\/Paquetage-compress\u00e9-2-278x157.jpg 278w, https:\/\/joyvmoto.com\/wp-content\/uploads\/2019\/03\/Paquetage-compress\u00e9-2-178x101.jpg 178w, https:\/\/joyvmoto.com\/wp-content\/uploads\/2019\/03\/Paquetage-compress\u00e9-2.jpg 1400w\" sizes=\"auto, (max-width: 1024px) 100vw, 1024px\" \/><figcaption>On va mettre tout \u00e7a o\u00f9 ?!?<\/figcaption><\/figure>\n\n\n\n<figure class=\"wp-block-image\"><img loading=\"lazy\" decoding=\"async\" width=\"1024\" height=\"576\" src=\"http:\/\/joyvmoto.com\/wp-content\/uploads\/2019\/03\/Paquetage-compress\u00e9-3-1024x576.jpg\" alt=\"\" class=\"wp-image-790\" srcset=\"https:\/\/joyvmoto.com\/wp-content\/uploads\/2019\/03\/Paquetage-compress\u00e9-3-1024x576.jpg 1024w, https:\/\/joyvmoto.com\/wp-content\/uploads\/2019\/03\/Paquetage-compress\u00e9-3-300x169.jpg 300w, https:\/\/joyvmoto.com\/wp-content\/uploads\/2019\/03\/Paquetage-compress\u00e9-3-768x432.jpg 768w, https:\/\/joyvmoto.com\/wp-content\/uploads\/2019\/03\/Paquetage-compress\u00e9-3-600x337.jpg 600w, https:\/\/joyvmoto.com\/wp-content\/uploads\/2019\/03\/Paquetage-compress\u00e9-3-800x450.jpg 800w, https:\/\/joyvmoto.com\/wp-content\/uploads\/2019\/03\/Paquetage-compress\u00e9-3-1200x675.jpg 1200w, https:\/\/joyvmoto.com\/wp-content\/uploads\/2019\/03\/Paquetage-compress\u00e9-3-585x330.jpg 585w, https:\/\/joyvmoto.com\/wp-content\/uploads\/2019\/03\/Paquetage-compress\u00e9-3-385x217.jpg 385w, https:\/\/joyvmoto.com\/wp-content\/uploads\/2019\/03\/Paquetage-compress\u00e9-3-380x214.jpg 380w, https:\/\/joyvmoto.com\/wp-content\/uploads\/2019\/03\/Paquetage-compress\u00e9-3-247x139.jpg 247w, https:\/\/joyvmoto.com\/wp-content\/uploads\/2019\/03\/Paquetage-compress\u00e9-3-278x157.jpg 278w, https:\/\/joyvmoto.com\/wp-content\/uploads\/2019\/03\/Paquetage-compress\u00e9-3-178x101.jpg 178w, https:\/\/joyvmoto.com\/wp-content\/uploads\/2019\/03\/Paquetage-compress\u00e9-3.jpg 1400w\" sizes=\"auto, (max-width: 1024px) 100vw, 1024px\" \/><figcaption>Vous n&#8217;y croyez pas ? Pourtant tout y est !<\/figcaption><\/figure>\n\n\n\n<figure class=\"wp-block-image\"><img loading=\"lazy\" decoding=\"async\" width=\"1024\" height=\"575\" src=\"http:\/\/joyvmoto.com\/wp-content\/uploads\/2019\/03\/Paquetage-compress\u00e9-4-1024x575.jpg\" alt=\"\" class=\"wp-image-791\" srcset=\"https:\/\/joyvmoto.com\/wp-content\/uploads\/2019\/03\/Paquetage-compress\u00e9-4-1024x575.jpg 1024w, https:\/\/joyvmoto.com\/wp-content\/uploads\/2019\/03\/Paquetage-compress\u00e9-4-300x169.jpg 300w, https:\/\/joyvmoto.com\/wp-content\/uploads\/2019\/03\/Paquetage-compress\u00e9-4-768x431.jpg 768w, https:\/\/joyvmoto.com\/wp-content\/uploads\/2019\/03\/Paquetage-compress\u00e9-4-600x337.jpg 600w, https:\/\/joyvmoto.com\/wp-content\/uploads\/2019\/03\/Paquetage-compress\u00e9-4-800x450.jpg 800w, https:\/\/joyvmoto.com\/wp-content\/uploads\/2019\/03\/Paquetage-compress\u00e9-4.jpg 1200w, https:\/\/joyvmoto.com\/wp-content\/uploads\/2019\/03\/Paquetage-compress\u00e9-4-385x217.jpg 385w, https:\/\/joyvmoto.com\/wp-content\/uploads\/2019\/03\/Paquetage-compress\u00e9-4-380x214.jpg 380w, https:\/\/joyvmoto.com\/wp-content\/uploads\/2019\/03\/Paquetage-compress\u00e9-4-247x139.jpg 247w, https:\/\/joyvmoto.com\/wp-content\/uploads\/2019\/03\/Paquetage-compress\u00e9-4-278x157.jpg 278w, https:\/\/joyvmoto.com\/wp-content\/uploads\/2019\/03\/Paquetage-compress\u00e9-4-178x101.jpg 178w\" sizes=\"auto, (max-width: 1024px) 100vw, 1024px\" \/><figcaption>L&#8217;exploit: la tente 3 places qui fait 37x17x17 cm et &lt; 3 kg. Vous la voyez ?<\/figcaption><\/figure>\n","protected":false},"excerpt":{"rendered":"<p>\u00c7a a commenc\u00e9 3 ans plus t\u00f4t, du genre &#8220;3 semaines, c&#8217;est trop court pour un vrai voyage. Et si on partait plusieurs mois ?&#8221; Ben oui, sauf que comme d&#8217;habitude, on a une multitude de raisons pour trouver cela impossible, du moins pour l&#8217;instant &#8230; Mais si on attend, on ne le fera jamais [&hellip;]<\/p>\n","protected":false},"author":1,"featured_media":784,"parent":0,"menu_order":0,"comment_status":"closed","ping_status":"closed","template":"","meta":{"footnotes":""},"class_list":["post-260","page","type-page","status-publish","has-post-thumbnail","hentry"],"_links":{"self":[{"href":"https:\/\/joyvmoto.com\/index.php\/wp-json\/wp\/v2\/pages\/260","targetHints":{"allow":["GET"]}}],"collection":[{"href":"https:\/\/joyvmoto.com\/index.php\/wp-json\/wp\/v2\/pages"}],"about":[{"href":"https:\/\/joyvmoto.com\/index.php\/wp-json\/wp\/v2\/types\/page"}],"author":[{"embeddable":true,"href":"https:\/\/joyvmoto.com\/index.php\/wp-json\/wp\/v2\/users\/1"}],"replies":[{"embeddable":true,"href":"https:\/\/joyvmoto.com\/index.php\/wp-json\/wp\/v2\/comments?post=260"}],"version-history":[{"count":0,"href":"https:\/\/joyvmoto.com\/index.php\/wp-json\/wp\/v2\/pages\/260\/revisions"}],"wp:featuredmedia":[{"embeddable":true,"href":"https:\/\/joyvmoto.com\/index.php\/wp-json\/wp\/v2\/media\/784"}],"wp:attachment":[{"href":"https:\/\/joyvmoto.com\/index.php\/wp-json\/wp\/v2\/media?parent=260"}],"curies":[{"name":"wp","href":"https:\/\/api.w.org\/{rel}","templated":true}]}}